{"id":553,"date":"2021-08-30T10:59:18","date_gmt":"2021-08-30T13:59:18","guid":{"rendered":"https:\/\/bmmlaw.adv.br\/?page_id=553"},"modified":"2025-03-06T10:48:09","modified_gmt":"2025-03-06T13:48:09","slug":"dr-igor-henry-bicudo-socio","status":"publish","type":"page","link":"https:\/\/bmmlaw.adv.br\/en\/dr-igor-henry-bicudo-socio\/","title":{"rendered":"Dr.Igor Henry Bicudo &#8211; S\u00f3cio"},"content":{"rendered":"\t\t<div data-elementor-type=\"wp-page\" data-elementor-id=\"553\" class=\"elementor elementor-553\">\n\t\t\t\t\t\t<section class=\"elementor-section elementor-top-section elementor-element elementor-element-d4d3a40 elementor-section-boxed elementor-section-height-default elementor-section-height-default\" data-id=\"d4d3a40\" data-element_type=\"section\" data-e-type=\"section\">\n\t\t\t\t\t\t<div class=\"elementor-container elementor-column-gap-default\">\n\t\t\t\t\t<div class=\"elementor-column elementor-col-100 elementor-top-column elementor-element elementor-element-8c90ea6\" data-id=\"8c90ea6\" data-element_type=\"column\" data-e-type=\"column\">\n\t\t\t<div class=\"elementor-widget-wrap elementor-element-populated\">\n\t\t\t\t\t\t<div class=\"elementor-element elementor-element-fc40cae elementor-widget elementor-widget-slider_revolution\" data-id=\"fc40cae\" data-element_type=\"widget\" data-e-type=\"widget\" data-widget_type=\"slider_revolution.default\">\n\t\t\t\t<div class=\"elementor-widget-container\">\n\t\t\t\t\t\n\t\t<div class=\"wp-block-themepunch-revslider\">\n\t\t\t<!-- START direitofamilia 1 REVOLUTION SLIDER 6.6.18 --><p class=\"rs-p-wp-fix\"><\/p>\n\t\t\t<rs-module-wrap id=\"rev_slider_22_1_wrapper\" data-source=\"gallery\" style=\"visibility:hidden;background:transparent;padding:0;margin:0px auto;margin-top:0;margin-bottom:0;\">\n\t\t\t\t<rs-module id=\"rev_slider_22_1\" style=\"\" data-version=\"6.6.18\">\n\t\t\t\t\t<rs-slides style=\"overflow: hidden; position: absolute;\">\n\t\t\t\t\t\t<rs-slide style=\"position: absolute;\" data-key=\"rs-22\" data-title=\"Slide\" data-anim=\"adpr:false;\" data-in=\"o:0;\" data-out=\"a:false;\">\n\t\t\t\t\t\t\t<img decoding=\"async\" src=\"\/\/bmmlaw.adv.br\/wp-content\/plugins\/revslider\/public\/assets\/assets\/dummy.png\" alt=\"Slide\" title=\"Dr.Igor Henry Bicudo &#8211; S\u00f3cio\" class=\"rev-slidebg tp-rs-img rs-lazyload\" data-lazyload=\"\/\/bmmlaw.adv.br\/wp-content\/plugins\/revslider\/public\/assets\/assets\/transparent.png\" data-no-retina>\n<!--\n\t\t\t\t\t\t\t--><rs-layer\n\t\t\t\t\t\t\t\tid=\"slider-22-slide-22-layer-0\" \n\t\t\t\t\t\t\t\tdata-type=\"image\"\n\t\t\t\t\t\t\t\tdata-rsp_ch=\"on\"\n\t\t\t\t\t\t\t\tdata-xy=\"x:-1px;y:-163px;\"\n\t\t\t\t\t\t\t\tdata-text=\"w:normal;\"\n\t\t\t\t\t\t\t\tdata-dim=\"w:1920px;h:800px;\"\n\t\t\t\t\t\t\t\tdata-frame_999=\"o:0;st:w;\"\n\t\t\t\t\t\t\t\tstyle=\"z-index:5;\"\n\t\t\t\t\t\t\t><img fetchpriority=\"high\" decoding=\"async\" src=\"\/\/bmmlaw.adv.br\/wp-content\/plugins\/revslider\/public\/assets\/assets\/dummy.png\" alt=\"\" class=\"tp-rs-img rs-lazyload\" width=\"1920\" height=\"800\" data-lazyload=\"\/\/bmmlaw.adv.br\/wp-content\/uploads\/2021\/08\/Grupo-831.png\" data-no-retina> \n\t\t\t\t\t\t\t<\/rs-layer><!--\n-->\t\t\t\t\t\t<\/rs-slide>\n\t\t\t\t\t<\/rs-slides>\n\t\t\t\t<\/rs-module>\n\t\t\t\t<script>\n\t\t\t\t\tsetREVStartSize({c: 'rev_slider_22_1',rl:[1240,1024,778,480],el:[638.993],gw:[1920],gh:[639],type:'standard',justify:'',layout:'fullwidth',mh:\"0\"});if (window.RS_MODULES!==undefined && window.RS_MODULES.modules!==undefined && window.RS_MODULES.modules[\"revslider221\"]!==undefined) {window.RS_MODULES.modules[\"revslider221\"].once = false;window.revapi22 = undefined;if (window.RS_MODULES.checkMinimal!==undefined) window.RS_MODULES.checkMinimal()}\n\t\t\t\t<\/script>\n\t\t\t<\/rs-module-wrap>\n\t\t\t<!-- END REVOLUTION SLIDER -->\n<\/div>\n\n\t\t\t\t\t\t<\/div>\n\t\t\t\t<\/div>\n\t\t\t\t\t<\/div>\n\t\t<\/div>\n\t\t\t\t\t<\/div>\n\t\t<\/section>\n\t\t\t\t<section class=\"elementor-section elementor-top-section elementor-element elementor-element-e6d30e6 elementor-section-boxed elementor-section-height-default elementor-section-height-default\" data-id=\"e6d30e6\" data-element_type=\"section\" data-e-type=\"section\">\n\t\t\t\t\t\t<div class=\"elementor-container elementor-column-gap-default\">\n\t\t\t\t\t<div class=\"elementor-column elementor-col-100 elementor-top-column elementor-element elementor-element-7d3e0d6\" data-id=\"7d3e0d6\" data-element_type=\"column\" data-e-type=\"column\">\n\t\t\t<div class=\"elementor-widget-wrap elementor-element-populated\">\n\t\t\t\t\t\t<div class=\"elementor-element elementor-element-24b2ff7 elementor-widget elementor-widget-spacer\" data-id=\"24b2ff7\" data-element_type=\"widget\" data-e-type=\"widget\" data-widget_type=\"spacer.default\">\n\t\t\t\t<div class=\"elementor-widget-container\">\n\t\t\t\t\t\t\t<div class=\"elementor-spacer\">\n\t\t\t<div class=\"elementor-spacer-inner\"><\/div>\n\t\t<\/div>\n\t\t\t\t\t\t<\/div>\n\t\t\t\t<\/div>\n\t\t\t\t\t<\/div>\n\t\t<\/div>\n\t\t\t\t\t<\/div>\n\t\t<\/section>\n\t\t\t\t<section class=\"elementor-section elementor-top-section elementor-element elementor-element-2556346 elementor-section-stretched elementor-section-full_width elementor-section-height-default elementor-section-height-default\" data-id=\"2556346\" data-element_type=\"section\" data-e-type=\"section\" data-settings=\"{&quot;stretch_section&quot;:&quot;section-stretched&quot;,&quot;background_background&quot;:&quot;classic&quot;}\">\n\t\t\t\t\t\t\t<div class=\"elementor-background-overlay\"><\/div>\n\t\t\t\t\t\t\t<div class=\"elementor-container elementor-column-gap-default\">\n\t\t\t\t\t<div class=\"elementor-column elementor-col-25 elementor-top-column elementor-element elementor-element-036cec2\" data-id=\"036cec2\" data-element_type=\"column\" data-e-type=\"column\">\n\t\t\t<div class=\"elementor-widget-wrap\">\n\t\t\t\t\t\t\t<\/div>\n\t\t<\/div>\n\t\t\t\t<div class=\"elementor-column elementor-col-50 elementor-top-column elementor-element elementor-element-ddcb11f\" data-id=\"ddcb11f\" data-element_type=\"column\" data-e-type=\"column\">\n\t\t\t<div class=\"elementor-widget-wrap elementor-element-populated\">\n\t\t\t\t\t\t<div class=\"elementor-element elementor-element-1ff2c06 elementor-widget elementor-widget-heading\" data-id=\"1ff2c06\" data-element_type=\"widget\" data-e-type=\"widget\" data-widget_type=\"heading.default\">\n\t\t\t\t<div class=\"elementor-widget-container\">\n\t\t\t\t\t<h2 class=\"elementor-heading-title elementor-size-default\">Conhe\u00e7a os Nossos S\u00f3cios<\/h2>\t\t\t\t<\/div>\n\t\t\t\t<\/div>\n\t\t\t\t\t<\/div>\n\t\t<\/div>\n\t\t\t\t<div class=\"elementor-column elementor-col-25 elementor-top-column elementor-element elementor-element-121339f\" data-id=\"121339f\" data-element_type=\"column\" data-e-type=\"column\">\n\t\t\t<div class=\"elementor-widget-wrap\">\n\t\t\t\t\t\t\t<\/div>\n\t\t<\/div>\n\t\t\t\t\t<\/div>\n\t\t<\/section>\n\t\t\t\t<section class=\"elementor-section elementor-top-section elementor-element elementor-element-3724383 elementor-section-boxed elementor-section-height-default elementor-section-height-default\" data-id=\"3724383\" data-element_type=\"section\" data-e-type=\"section\">\n\t\t\t\t\t\t<div class=\"elementor-container elementor-column-gap-default\">\n\t\t\t\t\t<div class=\"elementor-column elementor-col-100 elementor-top-column elementor-element elementor-element-93e0b2f\" data-id=\"93e0b2f\" data-element_type=\"column\" data-e-type=\"column\">\n\t\t\t<div class=\"elementor-widget-wrap elementor-element-populated\">\n\t\t\t\t\t\t<div class=\"elementor-element elementor-element-185abb7 elementor-widget elementor-widget-spacer\" data-id=\"185abb7\" data-element_type=\"widget\" data-e-type=\"widget\" data-widget_type=\"spacer.default\">\n\t\t\t\t<div class=\"elementor-widget-container\">\n\t\t\t\t\t\t\t<div class=\"elementor-spacer\">\n\t\t\t<div class=\"elementor-spacer-inner\"><\/div>\n\t\t<\/div>\n\t\t\t\t\t\t<\/div>\n\t\t\t\t<\/div>\n\t\t\t\t\t<\/div>\n\t\t<\/div>\n\t\t\t\t\t<\/div>\n\t\t<\/section>\n\t\t\t\t<section class=\"elementor-section elementor-top-section elementor-element elementor-element-1a013cc elementor-section-content-middle elementor-section-boxed elementor-section-height-default elementor-section-height-default\" data-id=\"1a013cc\" data-element_type=\"section\" data-e-type=\"section\">\n\t\t\t\t\t\t<div class=\"elementor-container elementor-column-gap-default\">\n\t\t\t\t\t<div class=\"elementor-column elementor-col-100 elementor-top-column elementor-element elementor-element-e5f80be\" data-id=\"e5f80be\" data-element_type=\"column\" data-e-type=\"column\">\n\t\t\t<div class=\"elementor-widget-wrap elementor-element-populated\">\n\t\t\t\t\t\t<div class=\"elementor-element elementor-element-10eb8b9 elementor-widget elementor-widget-image\" data-id=\"10eb8b9\" data-element_type=\"widget\" data-e-type=\"widget\" data-widget_type=\"image.default\">\n\t\t\t\t<div class=\"elementor-widget-container\">\n\t\t\t\t\t\t\t\t\t\t\t\t\t\t\t\t<a href=\"https:\/\/bmmlaw.adv.br\/dr-igor-henry-bicudo-socio\/\">\n\t\t\t\t\t\t\t<img decoding=\"async\" width=\"305\" height=\"276\" src=\"https:\/\/bmmlaw.adv.br\/wp-content\/uploads\/2025\/03\/IgorHenrybicudo.png\" class=\"attachment-full size-full wp-image-2023\" alt=\"\" srcset=\"https:\/\/bmmlaw.adv.br\/wp-content\/uploads\/2025\/03\/IgorHenrybicudo.png 305w, https:\/\/bmmlaw.adv.br\/wp-content\/uploads\/2025\/03\/IgorHenrybicudo-300x271.png 300w, https:\/\/bmmlaw.adv.br\/wp-content\/uploads\/2025\/03\/IgorHenrybicudo-13x12.png 13w\" sizes=\"(max-width: 305px) 100vw, 305px\" \/>\t\t\t\t\t\t\t\t<\/a>\n\t\t\t\t\t\t\t\t\t\t\t\t\t\t\t<\/div>\n\t\t\t\t<\/div>\n\t\t\t\t<div class=\"elementor-element elementor-element-e5df2f1 elementor-widget elementor-widget-text-editor\" data-id=\"e5df2f1\" data-element_type=\"widget\" data-e-type=\"widget\" data-widget_type=\"text-editor.default\">\n\t\t\t\t<div class=\"elementor-widget-container\">\n\t\t\t\t\t\t\t\t\tIgor Henry Bicudo<Br>\n<a href=\"mailto:igor.bicudo@bmmlaw.com.br\">igor.bicudo@bmmlaw.com.br<\/a>\t\t\t\t\t\t\t\t<\/div>\n\t\t\t\t<\/div>\n\t\t\t\t\t<\/div>\n\t\t<\/div>\n\t\t\t\t\t<\/div>\n\t\t<\/section>\n\t\t\t\t<section class=\"elementor-section elementor-top-section elementor-element elementor-element-9203956 elementor-section-boxed elementor-section-height-default elementor-section-height-default\" data-id=\"9203956\" data-element_type=\"section\" data-e-type=\"section\">\n\t\t\t\t\t\t<div class=\"elementor-container elementor-column-gap-default\">\n\t\t\t\t\t<div class=\"elementor-column elementor-col-100 elementor-top-column elementor-element elementor-element-84709d2\" data-id=\"84709d2\" data-element_type=\"column\" data-e-type=\"column\">\n\t\t\t<div class=\"elementor-widget-wrap elementor-element-populated\">\n\t\t\t\t\t\t<div class=\"elementor-element elementor-element-769446c elementor-widget elementor-widget-spacer\" data-id=\"769446c\" data-element_type=\"widget\" data-e-type=\"widget\" data-widget_type=\"spacer.default\">\n\t\t\t\t<div class=\"elementor-widget-container\">\n\t\t\t\t\t\t\t<div class=\"elementor-spacer\">\n\t\t\t<div class=\"elementor-spacer-inner\"><\/div>\n\t\t<\/div>\n\t\t\t\t\t\t<\/div>\n\t\t\t\t<\/div>\n\t\t\t\t\t<\/div>\n\t\t<\/div>\n\t\t\t\t\t<\/div>\n\t\t<\/section>\n\t\t\t\t<section class=\"elementor-section elementor-top-section elementor-element elementor-element-79f5ca1 elementor-section-boxed elementor-section-height-default elementor-section-height-default\" data-id=\"79f5ca1\" data-element_type=\"section\" data-e-type=\"section\">\n\t\t\t\t\t\t<div class=\"elementor-container elementor-column-gap-default\">\n\t\t\t\t\t<div class=\"elementor-column elementor-col-25 elementor-top-column elementor-element elementor-element-540dd7f\" data-id=\"540dd7f\" data-element_type=\"column\" data-e-type=\"column\">\n\t\t\t<div class=\"elementor-widget-wrap\">\n\t\t\t\t\t\t\t<\/div>\n\t\t<\/div>\n\t\t\t\t<div class=\"elementor-column elementor-col-50 elementor-top-column elementor-element elementor-element-b62ad13\" data-id=\"b62ad13\" data-element_type=\"column\" data-e-type=\"column\">\n\t\t\t<div class=\"elementor-widget-wrap elementor-element-populated\">\n\t\t\t\t\t\t<div class=\"elementor-element elementor-element-528eede elementor-widget elementor-widget-heading\" data-id=\"528eede\" data-element_type=\"widget\" data-e-type=\"widget\" data-widget_type=\"heading.default\">\n\t\t\t\t<div class=\"elementor-widget-container\">\n\t\t\t\t\t<h2 class=\"elementor-heading-title elementor-size-default\">Igor Henry Bicudo \u00e9 advogado, paulistano, inscrito na Ordem dos Advogados do Brasil \u2013 Se\u00e7\u00e3o S\u00e3o Paulo sob o n\u00ba 222.546. Graduado em Direito pela Universidade Bandeirante de S\u00e3o Paulo no ano de 2003, cursou P\u00f3s \u2013 Direito e Processo do Trabalho na Universidade Presbiteriana Mackenzie. Membro da Associa\u00e7\u00e3o dos Advogados de S\u00e3o Paulo \u2013 AASP, \u00e9 diretor do Departamento de Cultura da Associa\u00e7\u00e3o dos Advogados da Lapa \u2013 AAL. Realizou in\u00fameros cursos, entre eles: Prote\u00e7\u00e3o de Bens, Curso Nova Compet\u00eancia da Justi\u00e7a do Trabalho, Aspectos Relevantes sobre o Cooperativismo de Trabalho, Direito do Consumidor \u2013 Aspectos Materiais e Processuais, Prote\u00e7\u00e3o de Bens, Audi\u00eancia Trabalhista \u2013 T\u00e9cnicas e Posturas do Advogado, Recupera\u00e7\u00e3o de Empresas \u2013 Aspectos Pr\u00e1ticos, Teoria e Pr\u00e1tica do Processo Trabalhista I, Curso de Direito Comum e Direito do Trabalho, entre outros. Possui mais de 20 anos de experi\u00eancia em direito trabalhista e seu foco de atua\u00e7\u00e3o \u00e9 a redu\u00e7\u00e3o de passivos trabalhistas com a\u00e7\u00e3o direta no consultivo e contencioso, atuando na defesa de grandes empresas de diversos setores da economia, especialmente nos setores de constru\u00e7\u00e3o civil, telecomunica\u00e7\u00f5es e ind\u00fastria metal\u00fargica. Expertise em direito coletivo, abrangendo negocia\u00e7\u00f5es coletivas, tendo atuado inclusive diretamente na confec\u00e7\u00e3o da conven\u00e7\u00e3o coletiva do setor de telecomunica\u00e7\u00f5es do Estado de S\u00e3o Paulo. Atua\u00e7\u00e3o direta junto aos tribunais superiores na defesa dos diversos segmentos. S\u00f3cio do escrit\u00f3rio BICUDO, MATOS E MORAIS ADVOCACIA PERSONALIZADA.<\/h2>\t\t\t\t<\/div>\n\t\t\t\t<\/div>\n\t\t\t\t\t<\/div>\n\t\t<\/div>\n\t\t\t\t<div class=\"elementor-column elementor-col-25 elementor-top-column elementor-element elementor-element-41b83b4\" data-id=\"41b83b4\" data-element_type=\"column\" data-e-type=\"column\">\n\t\t\t<div class=\"elementor-widget-wrap\">\n\t\t\t\t\t\t\t<\/div>\n\t\t<\/div>\n\t\t\t\t\t<\/div>\n\t\t<\/section>\n\t\t\t\t<section class=\"elementor-section elementor-top-section elementor-element elementor-element-3262652 elementor-section-boxed elementor-section-height-default elementor-section-height-default\" data-id=\"3262652\" data-element_type=\"section\" data-e-type=\"section\">\n\t\t\t\t\t\t<div class=\"elementor-container elementor-column-gap-default\">\n\t\t\t\t\t<div class=\"elementor-column elementor-col-100 elementor-top-column elementor-element elementor-element-5094aaa\" data-id=\"5094aaa\" data-element_type=\"column\" data-e-type=\"column\">\n\t\t\t<div class=\"elementor-widget-wrap elementor-element-populated\">\n\t\t\t\t\t\t<div class=\"elementor-element elementor-element-27cad88 elementor-widget elementor-widget-spacer\" data-id=\"27cad88\" data-element_type=\"widget\" data-e-type=\"widget\" data-widget_type=\"spacer.default\">\n\t\t\t\t<div class=\"elementor-widget-container\">\n\t\t\t\t\t\t\t<div class=\"elementor-spacer\">\n\t\t\t<div class=\"elementor-spacer-inner\"><\/div>\n\t\t<\/div>\n\t\t\t\t\t\t<\/div>\n\t\t\t\t<\/div>\n\t\t\t\t\t<\/div>\n\t\t<\/div>\n\t\t\t\t\t<\/div>\n\t\t<\/section>\n\t\t\t\t<section class=\"elementor-section elementor-top-section elementor-element elementor-element-a04a094 elementor-section-boxed elementor-section-height-default elementor-section-height-default\" data-id=\"a04a094\" data-element_type=\"section\" data-e-type=\"section\">\n\t\t\t\t\t\t<div class=\"elementor-container elementor-column-gap-default\">\n\t\t\t\t\t<div class=\"elementor-column elementor-col-33 elementor-top-column elementor-element elementor-element-3bd7a1a\" data-id=\"3bd7a1a\" data-element_type=\"column\" data-e-type=\"column\">\n\t\t\t<div class=\"elementor-widget-wrap\">\n\t\t\t\t\t\t\t<\/div>\n\t\t<\/div>\n\t\t\t\t<div class=\"elementor-column elementor-col-33 elementor-top-column elementor-element elementor-element-6a6b4d5\" data-id=\"6a6b4d5\" data-element_type=\"column\" data-e-type=\"column\">\n\t\t\t<div class=\"elementor-widget-wrap elementor-element-populated\">\n\t\t\t\t\t\t<div class=\"elementor-element elementor-element-edcb6c6 elementor-align-center elementor-widget elementor-widget-button\" data-id=\"edcb6c6\" data-element_type=\"widget\" data-e-type=\"widget\" data-widget_type=\"button.default\">\n\t\t\t\t<div class=\"elementor-widget-container\">\n\t\t\t\t\t\t\t\t\t<div class=\"elementor-button-wrapper\">\n\t\t\t\t\t<a class=\"elementor-button elementor-button-link elementor-size-sm\" href=\"https:\/\/bmmlaw.adv.br\/especialistas-bmm\/\">\n\t\t\t\t\t\t<span class=\"elementor-button-content-wrapper\">\n\t\t\t\t\t\t\t\t\t<span class=\"elementor-button-text\">Voltar<\/span>\n\t\t\t\t\t<\/span>\n\t\t\t\t\t<\/a>\n\t\t\t\t<\/div>\n\t\t\t\t\t\t\t\t<\/div>\n\t\t\t\t<\/div>\n\t\t\t\t\t<\/div>\n\t\t<\/div>\n\t\t\t\t<div class=\"elementor-column elementor-col-33 elementor-top-column elementor-element elementor-element-d0599a5\" data-id=\"d0599a5\" data-element_type=\"column\" data-e-type=\"column\">\n\t\t\t<div class=\"elementor-widget-wrap\">\n\t\t\t\t\t\t\t<\/div>\n\t\t<\/div>\n\t\t\t\t\t<\/div>\n\t\t<\/section>\n\t\t\t\t<\/div>\n\t\t","protected":false},"excerpt":{"rendered":"<p>Conhe\u00e7a os Nossos S\u00f3cios Igor Henry Bicudo igor.bicudo@bmmlaw.com.br Igor Henry Bicudo \u00e9 advogado, paulistano, inscrito na Ordem dos Advogados do Brasil \u2013 Se\u00e7\u00e3o S\u00e3o Paulo sob o n\u00ba 222.546. Graduado em Direito pela Universidade Bandeirante de S\u00e3o Paulo no ano de 2003, cursou P\u00f3s \u2013 Direito e Processo do Trabalho na Universidade Presbiteriana Mackenzie. Membro &hellip;<\/p>\n<p class=\"read-more\"> <a class=\"\" href=\"https:\/\/bmmlaw.adv.br\/en\/dr-igor-henry-bicudo-socio\/\"> <span class=\"screen-reader-text\">Dr.Igor Henry Bicudo &#8211; S\u00f3cio<\/span> Read More &raquo;<\/a><\/p>","protected":false},"author":1,"featured_media":0,"parent":0,"menu_order":0,"comment_status":"closed","ping_status":"closed","template":"elementor_header_footer","meta":{"footnotes":""},"class_list":["post-553","page","type-page","status-publish","hentry"],"_links":{"self":[{"href":"https:\/\/bmmlaw.adv.br\/en\/wp-json\/wp\/v2\/pages\/553","targetHints":{"allow":["GET"]}}],"collection":[{"href":"https:\/\/bmmlaw.adv.br\/en\/wp-json\/wp\/v2\/pages"}],"about":[{"href":"https:\/\/bmmlaw.adv.br\/en\/wp-json\/wp\/v2\/types\/page"}],"author":[{"embeddable":true,"href":"https:\/\/bmmlaw.adv.br\/en\/wp-json\/wp\/v2\/users\/1"}],"replies":[{"embeddable":true,"href":"https:\/\/bmmlaw.adv.br\/en\/wp-json\/wp\/v2\/comments?post=553"}],"version-history":[{"count":0,"href":"https:\/\/bmmlaw.adv.br\/en\/wp-json\/wp\/v2\/pages\/553\/revisions"}],"wp:attachment":[{"href":"https:\/\/bmmlaw.adv.br\/en\/wp-json\/wp\/v2\/media?parent=553"}],"curies":[{"name":"wp","href":"https:\/\/api.w.org\/{rel}","templated":true}]}}