{"id":967,"date":"2021-09-13T13:38:48","date_gmt":"2021-09-13T16:38:48","guid":{"rendered":"https:\/\/bmmlaw.adv.br\/?page_id=967"},"modified":"2025-03-06T10:49:09","modified_gmt":"2025-03-06T13:49:09","slug":"dr-vinicius-de-melo-morais","status":"publish","type":"page","link":"https:\/\/bmmlaw.adv.br\/en\/dr-vinicius-de-melo-morais\/","title":{"rendered":"Dr Vinicius de Melo Morais"},"content":{"rendered":"\t\t<div data-elementor-type=\"wp-page\" data-elementor-id=\"967\" class=\"elementor elementor-967\">\n\t\t\t\t\t\t<section class=\"elementor-section elementor-top-section elementor-element elementor-element-8e0f9f elementor-section-boxed elementor-section-height-default elementor-section-height-default\" data-id=\"8e0f9f\" data-element_type=\"section\" data-e-type=\"section\">\n\t\t\t\t\t\t<div class=\"elementor-container elementor-column-gap-default\">\n\t\t\t\t\t<div class=\"elementor-column elementor-col-100 elementor-top-column elementor-element elementor-element-30b11ff3\" data-id=\"30b11ff3\" data-element_type=\"column\" data-e-type=\"column\">\n\t\t\t<div class=\"elementor-widget-wrap elementor-element-populated\">\n\t\t\t\t\t\t<div class=\"elementor-element elementor-element-661ee4e0 elementor-widget elementor-widget-slider_revolution\" data-id=\"661ee4e0\" data-element_type=\"widget\" data-e-type=\"widget\" data-widget_type=\"slider_revolution.default\">\n\t\t\t\t<div class=\"elementor-widget-container\">\n\t\t\t\t\t\n\t\t<div class=\"wp-block-themepunch-revslider\">\n\t\t\t<!-- START direitofamilia 1 REVOLUTION SLIDER 6.6.18 --><p class=\"rs-p-wp-fix\"><\/p>\n\t\t\t<rs-module-wrap id=\"rev_slider_22_1_wrapper\" data-source=\"gallery\" style=\"visibility:hidden;background:transparent;padding:0;margin:0px auto;margin-top:0;margin-bottom:0;\">\n\t\t\t\t<rs-module id=\"rev_slider_22_1\" style=\"\" data-version=\"6.6.18\">\n\t\t\t\t\t<rs-slides style=\"overflow: hidden; position: absolute;\">\n\t\t\t\t\t\t<rs-slide style=\"position: absolute;\" data-key=\"rs-22\" data-title=\"Slide\" data-anim=\"adpr:false;\" data-in=\"o:0;\" data-out=\"a:false;\">\n\t\t\t\t\t\t\t<img decoding=\"async\" src=\"\/\/bmmlaw.adv.br\/wp-content\/plugins\/revslider\/public\/assets\/assets\/dummy.png\" alt=\"Slide\" title=\"Dr Vinicius de Melo Morais\" class=\"rev-slidebg tp-rs-img rs-lazyload\" data-lazyload=\"\/\/bmmlaw.adv.br\/wp-content\/plugins\/revslider\/public\/assets\/assets\/transparent.png\" data-no-retina>\n<!--\n\t\t\t\t\t\t\t--><rs-layer\n\t\t\t\t\t\t\t\tid=\"slider-22-slide-22-layer-0\" \n\t\t\t\t\t\t\t\tdata-type=\"image\"\n\t\t\t\t\t\t\t\tdata-rsp_ch=\"on\"\n\t\t\t\t\t\t\t\tdata-xy=\"x:-1px;y:-163px;\"\n\t\t\t\t\t\t\t\tdata-text=\"w:normal;\"\n\t\t\t\t\t\t\t\tdata-dim=\"w:1920px;h:800px;\"\n\t\t\t\t\t\t\t\tdata-frame_999=\"o:0;st:w;\"\n\t\t\t\t\t\t\t\tstyle=\"z-index:5;\"\n\t\t\t\t\t\t\t><img fetchpriority=\"high\" decoding=\"async\" src=\"\/\/bmmlaw.adv.br\/wp-content\/plugins\/revslider\/public\/assets\/assets\/dummy.png\" alt=\"\" class=\"tp-rs-img rs-lazyload\" width=\"1920\" height=\"800\" data-lazyload=\"\/\/bmmlaw.adv.br\/wp-content\/uploads\/2021\/08\/Grupo-831.png\" data-no-retina> \n\t\t\t\t\t\t\t<\/rs-layer><!--\n-->\t\t\t\t\t\t<\/rs-slide>\n\t\t\t\t\t<\/rs-slides>\n\t\t\t\t<\/rs-module>\n\t\t\t\t<script>\n\t\t\t\t\tsetREVStartSize({c: 'rev_slider_22_1',rl:[1240,1024,778,480],el:[638.993],gw:[1920],gh:[639],type:'standard',justify:'',layout:'fullwidth',mh:\"0\"});if (window.RS_MODULES!==undefined && window.RS_MODULES.modules!==undefined && window.RS_MODULES.modules[\"revslider221\"]!==undefined) {window.RS_MODULES.modules[\"revslider221\"].once = false;window.revapi22 = undefined;if (window.RS_MODULES.checkMinimal!==undefined) window.RS_MODULES.checkMinimal()}\n\t\t\t\t<\/script>\n\t\t\t<\/rs-module-wrap>\n\t\t\t<!-- END REVOLUTION SLIDER -->\n<\/div>\n\n\t\t\t\t\t\t<\/div>\n\t\t\t\t<\/div>\n\t\t\t\t\t<\/div>\n\t\t<\/div>\n\t\t\t\t\t<\/div>\n\t\t<\/section>\n\t\t\t\t<section class=\"elementor-section elementor-top-section elementor-element elementor-element-7e5c9d49 elementor-section-boxed elementor-section-height-default elementor-section-height-default\" data-id=\"7e5c9d49\" data-element_type=\"section\" data-e-type=\"section\">\n\t\t\t\t\t\t<div class=\"elementor-container elementor-column-gap-default\">\n\t\t\t\t\t<div class=\"elementor-column elementor-col-100 elementor-top-column elementor-element elementor-element-627e41fa\" data-id=\"627e41fa\" data-element_type=\"column\" data-e-type=\"column\">\n\t\t\t<div class=\"elementor-widget-wrap elementor-element-populated\">\n\t\t\t\t\t\t<div class=\"elementor-element elementor-element-9da3121 elementor-widget elementor-widget-spacer\" data-id=\"9da3121\" data-element_type=\"widget\" data-e-type=\"widget\" data-widget_type=\"spacer.default\">\n\t\t\t\t<div class=\"elementor-widget-container\">\n\t\t\t\t\t\t\t<div class=\"elementor-spacer\">\n\t\t\t<div class=\"elementor-spacer-inner\"><\/div>\n\t\t<\/div>\n\t\t\t\t\t\t<\/div>\n\t\t\t\t<\/div>\n\t\t\t\t\t<\/div>\n\t\t<\/div>\n\t\t\t\t\t<\/div>\n\t\t<\/section>\n\t\t\t\t<section class=\"elementor-section elementor-top-section elementor-element elementor-element-6a7a8ebf elementor-section-stretched elementor-section-full_width elementor-section-height-default elementor-section-height-default\" data-id=\"6a7a8ebf\" data-element_type=\"section\" data-e-type=\"section\" data-settings=\"{&quot;stretch_section&quot;:&quot;section-stretched&quot;,&quot;background_background&quot;:&quot;classic&quot;}\">\n\t\t\t\t\t\t\t<div class=\"elementor-background-overlay\"><\/div>\n\t\t\t\t\t\t\t<div class=\"elementor-container elementor-column-gap-default\">\n\t\t\t\t\t<div class=\"elementor-column elementor-col-25 elementor-top-column elementor-element elementor-element-2abc0f7c\" data-id=\"2abc0f7c\" data-element_type=\"column\" data-e-type=\"column\">\n\t\t\t<div class=\"elementor-widget-wrap\">\n\t\t\t\t\t\t\t<\/div>\n\t\t<\/div>\n\t\t\t\t<div class=\"elementor-column elementor-col-50 elementor-top-column elementor-element elementor-element-472e6934\" data-id=\"472e6934\" data-element_type=\"column\" data-e-type=\"column\">\n\t\t\t<div class=\"elementor-widget-wrap elementor-element-populated\">\n\t\t\t\t\t\t<div class=\"elementor-element elementor-element-37bff087 elementor-widget elementor-widget-heading\" data-id=\"37bff087\" data-element_type=\"widget\" data-e-type=\"widget\" data-widget_type=\"heading.default\">\n\t\t\t\t<div class=\"elementor-widget-container\">\n\t\t\t\t\t<h2 class=\"elementor-heading-title elementor-size-default\">Conhe\u00e7a os Nossos S\u00f3cios<\/h2>\t\t\t\t<\/div>\n\t\t\t\t<\/div>\n\t\t\t\t\t<\/div>\n\t\t<\/div>\n\t\t\t\t<div class=\"elementor-column elementor-col-25 elementor-top-column elementor-element elementor-element-141554b\" data-id=\"141554b\" data-element_type=\"column\" data-e-type=\"column\">\n\t\t\t<div class=\"elementor-widget-wrap\">\n\t\t\t\t\t\t\t<\/div>\n\t\t<\/div>\n\t\t\t\t\t<\/div>\n\t\t<\/section>\n\t\t\t\t<section class=\"elementor-section elementor-top-section elementor-element elementor-element-6ce18f42 elementor-section-boxed elementor-section-height-default elementor-section-height-default\" data-id=\"6ce18f42\" data-element_type=\"section\" data-e-type=\"section\">\n\t\t\t\t\t\t<div class=\"elementor-container elementor-column-gap-default\">\n\t\t\t\t\t<div class=\"elementor-column elementor-col-100 elementor-top-column elementor-element elementor-element-74ff98c4\" data-id=\"74ff98c4\" data-element_type=\"column\" data-e-type=\"column\">\n\t\t\t<div class=\"elementor-widget-wrap elementor-element-populated\">\n\t\t\t\t\t\t<div class=\"elementor-element elementor-element-3aad022 elementor-widget elementor-widget-spacer\" data-id=\"3aad022\" data-element_type=\"widget\" data-e-type=\"widget\" data-widget_type=\"spacer.default\">\n\t\t\t\t<div class=\"elementor-widget-container\">\n\t\t\t\t\t\t\t<div class=\"elementor-spacer\">\n\t\t\t<div class=\"elementor-spacer-inner\"><\/div>\n\t\t<\/div>\n\t\t\t\t\t\t<\/div>\n\t\t\t\t<\/div>\n\t\t\t\t\t<\/div>\n\t\t<\/div>\n\t\t\t\t\t<\/div>\n\t\t<\/section>\n\t\t\t\t<section class=\"elementor-section elementor-top-section elementor-element elementor-element-3d72bf38 elementor-section-content-middle elementor-section-boxed elementor-section-height-default elementor-section-height-default\" data-id=\"3d72bf38\" data-element_type=\"section\" data-e-type=\"section\">\n\t\t\t\t\t\t<div class=\"elementor-container elementor-column-gap-default\">\n\t\t\t\t\t<div class=\"elementor-column elementor-col-100 elementor-top-column elementor-element elementor-element-421e101\" data-id=\"421e101\" data-element_type=\"column\" data-e-type=\"column\">\n\t\t\t<div class=\"elementor-widget-wrap elementor-element-populated\">\n\t\t\t\t\t\t<div class=\"elementor-element elementor-element-8ef01cf elementor-widget elementor-widget-image\" data-id=\"8ef01cf\" data-element_type=\"widget\" data-e-type=\"widget\" data-widget_type=\"image.default\">\n\t\t\t\t<div class=\"elementor-widget-container\">\n\t\t\t\t\t\t\t\t\t\t\t\t\t\t\t\t<a href=\"https:\/\/bmmlaw.adv.br\/dr-vinicius-de-melo-morais\/\">\n\t\t\t\t\t\t\t<img decoding=\"async\" width=\"305\" height=\"276\" src=\"https:\/\/bmmlaw.adv.br\/wp-content\/uploads\/2025\/03\/Viniciusdemelomorais.png\" class=\"attachment-full size-full wp-image-2022\" alt=\"\" srcset=\"https:\/\/bmmlaw.adv.br\/wp-content\/uploads\/2025\/03\/Viniciusdemelomorais.png 305w, https:\/\/bmmlaw.adv.br\/wp-content\/uploads\/2025\/03\/Viniciusdemelomorais-300x271.png 300w, https:\/\/bmmlaw.adv.br\/wp-content\/uploads\/2025\/03\/Viniciusdemelomorais-13x12.png 13w\" sizes=\"(max-width: 305px) 100vw, 305px\" \/>\t\t\t\t\t\t\t\t<\/a>\n\t\t\t\t\t\t\t\t\t\t\t\t\t\t\t<\/div>\n\t\t\t\t<\/div>\n\t\t\t\t<div class=\"elementor-element elementor-element-c6369a5 elementor-widget elementor-widget-text-editor\" data-id=\"c6369a5\" data-element_type=\"widget\" data-e-type=\"widget\" data-widget_type=\"text-editor.default\">\n\t\t\t\t<div class=\"elementor-widget-container\">\n\t\t\t\t\t\t\t\t\tVinic\u00edus de Melo Morais<Br>\n<a href=\"mailto:vinicius.morais@bmmlaw.com.br\">vinicius.morais@bmmlaw.com.br<\/a>\t\t\t\t\t\t\t\t<\/div>\n\t\t\t\t<\/div>\n\t\t\t\t\t<\/div>\n\t\t<\/div>\n\t\t\t\t\t<\/div>\n\t\t<\/section>\n\t\t\t\t<section class=\"elementor-section elementor-top-section elementor-element elementor-element-73a3e371 elementor-section-boxed elementor-section-height-default elementor-section-height-default\" data-id=\"73a3e371\" data-element_type=\"section\" data-e-type=\"section\">\n\t\t\t\t\t\t<div class=\"elementor-container elementor-column-gap-default\">\n\t\t\t\t\t<div class=\"elementor-column elementor-col-100 elementor-top-column elementor-element elementor-element-13c8baa\" data-id=\"13c8baa\" data-element_type=\"column\" data-e-type=\"column\">\n\t\t\t<div class=\"elementor-widget-wrap elementor-element-populated\">\n\t\t\t\t\t\t<div class=\"elementor-element elementor-element-54c25919 elementor-widget elementor-widget-spacer\" data-id=\"54c25919\" data-element_type=\"widget\" data-e-type=\"widget\" data-widget_type=\"spacer.default\">\n\t\t\t\t<div class=\"elementor-widget-container\">\n\t\t\t\t\t\t\t<div class=\"elementor-spacer\">\n\t\t\t<div class=\"elementor-spacer-inner\"><\/div>\n\t\t<\/div>\n\t\t\t\t\t\t<\/div>\n\t\t\t\t<\/div>\n\t\t\t\t\t<\/div>\n\t\t<\/div>\n\t\t\t\t\t<\/div>\n\t\t<\/section>\n\t\t\t\t<section class=\"elementor-section elementor-top-section elementor-element elementor-element-59f9b415 elementor-section-boxed elementor-section-height-default elementor-section-height-default\" data-id=\"59f9b415\" data-element_type=\"section\" data-e-type=\"section\">\n\t\t\t\t\t\t<div class=\"elementor-container elementor-column-gap-default\">\n\t\t\t\t\t<div class=\"elementor-column elementor-col-25 elementor-top-column elementor-element elementor-element-2f02951b\" data-id=\"2f02951b\" data-element_type=\"column\" data-e-type=\"column\">\n\t\t\t<div class=\"elementor-widget-wrap\">\n\t\t\t\t\t\t\t<\/div>\n\t\t<\/div>\n\t\t\t\t<div class=\"elementor-column elementor-col-50 elementor-top-column elementor-element elementor-element-675bee4b\" data-id=\"675bee4b\" data-element_type=\"column\" data-e-type=\"column\">\n\t\t\t<div class=\"elementor-widget-wrap elementor-element-populated\">\n\t\t\t\t\t\t<div class=\"elementor-element elementor-element-2929b1fd elementor-hidden-desktop elementor-hidden-laptop elementor-hidden-tablet elementor-hidden-mobile elementor-widget elementor-widget-heading\" data-id=\"2929b1fd\" data-element_type=\"widget\" data-e-type=\"widget\" data-widget_type=\"heading.default\">\n\t\t\t\t<div class=\"elementor-widget-container\">\n\t\t\t\t\t<h2 class=\"elementor-heading-title elementor-size-default\">Advogado com mais de 20 anos de experi\u00eancia em Direito Tribut\u00e1rio e Empresarial. Atua\u00e7\u00e3o focada na \u00e1rea de consultoria de tributos diretos e indiretos, nas esferas municipal, estadual e federal. An\u00e1lise da correta aplica\u00e7\u00e3o da legisla\u00e7\u00e3o tribut\u00e1ria e implementa\u00e7\u00e3o de solu\u00e7\u00f5es objetivando redu\u00e7\u00e3o da carga tribut\u00e1ria, compliance fiscal, reorganiza\u00e7\u00f5es societ\u00e1rias, aplica\u00e7\u00e3o de tratados internacionais, avalia\u00e7\u00e3o do impacto fiscal na implanta\u00e7\u00e3o de projetos no Brasil e no exterior. J\u00e1 atuou em diversas opera\u00e7\u00f5es de fus\u00f5es e aquisi\u00e7\u00f5es, participando desde a estrutura\u00e7\u00e3o societ\u00e1ria\/fiscal da opera\u00e7\u00e3o at\u00e9 a condu\u00e7\u00e3o de auditorias para identifica\u00e7\u00e3o de riscos, conting\u00eancias materializadas e oportunidades tribut\u00e1rias. Possui expertise na \u00e1rea de contencioso tribut\u00e1rio administrativo e judicial, atuando na defesa de empresas de grande porte em diversos setores da economia, especialmente nos setores de constru\u00e7\u00e3o civil, farmac\u00eautico, alimentos e bebidas, minera\u00e7\u00e3o, transportes e telecomunica\u00e7\u00f5es. Formado pela Universidade S\u00e3o Francisco em 2007 e especializado em Direito Tribut\u00e1rio (L.LM) pelo INSPER \u2013 Instituto de Ensino e Pesquisa em 2012 e atuado nas mais renomadas bancas jur\u00eddicas do pa\u00eds.<\/h2>\t\t\t\t<\/div>\n\t\t\t\t<\/div>\n\t\t\t\t<div class=\"elementor-element elementor-element-0730ce7 elementor-widget elementor-widget-heading\" data-id=\"0730ce7\" data-element_type=\"widget\" data-e-type=\"widget\" data-widget_type=\"heading.default\">\n\t\t\t\t<div class=\"elementor-widget-container\">\n\t\t\t\t\t<h2 class=\"elementor-heading-title elementor-size-default\">Advogado com mais de 20 anos de experi\u00eancia em Direito Tribut\u00e1rio e Empresarial. Atua\u00e7\u00e3o focada na \u00e1rea de consultoria de tributos diretos e indiretos, nas esferas municipal, estadual e federal. An\u00e1lise da correta aplica\u00e7\u00e3o da legisla\u00e7\u00e3o tribut\u00e1ria e implementa\u00e7\u00e3o de solu\u00e7\u00f5es objetivando redu\u00e7\u00e3o da carga tribut\u00e1ria, compliance fiscal, reorganiza\u00e7\u00f5es societ\u00e1rias, aplica\u00e7\u00e3o de tratados internacionais, avalia\u00e7\u00e3o do impacto fiscal na implanta\u00e7\u00e3o de projetos no Brasil e no exterior. J\u00e1 atuou em diversas opera\u00e7\u00f5es de fus\u00f5es e aquisi\u00e7\u00f5es, participando desde a estrutura\u00e7\u00e3o societ\u00e1ria\/fiscal da opera\u00e7\u00e3o at\u00e9 a condu\u00e7\u00e3o de auditorias para identifica\u00e7\u00e3o de riscos, conting\u00eancias materializadas e oportunidades tribut\u00e1rias. Possui expertise na \u00e1rea de contencioso tribut\u00e1rio administrativo e judicial, atuando na defesa de empresas de grande porte em diversos setores da economia, especialmente nos setores de constru\u00e7\u00e3o civil, farmac\u00eautico, alimentos e bebidas, minera\u00e7\u00e3o, transportes e telecomunica\u00e7\u00f5es. Formado pela Universidade S\u00e3o Francisco em 2007 e especializado em Direito Tribut\u00e1rio (L.LM) pelo INSPER \u2013 Instituto de Ensino e Pesquisa em 2012 e atuado nas mais renomadas bancas jur\u00eddicas do pa\u00eds.<\/h2>\t\t\t\t<\/div>\n\t\t\t\t<\/div>\n\t\t\t\t\t<\/div>\n\t\t<\/div>\n\t\t\t\t<div class=\"elementor-column elementor-col-25 elementor-top-column elementor-element elementor-element-30409989\" data-id=\"30409989\" data-element_type=\"column\" data-e-type=\"column\">\n\t\t\t<div class=\"elementor-widget-wrap\">\n\t\t\t\t\t\t\t<\/div>\n\t\t<\/div>\n\t\t\t\t\t<\/div>\n\t\t<\/section>\n\t\t\t\t<section class=\"elementor-section elementor-top-section elementor-element elementor-element-1666f2cd elementor-section-boxed elementor-section-height-default elementor-section-height-default\" data-id=\"1666f2cd\" data-element_type=\"section\" data-e-type=\"section\">\n\t\t\t\t\t\t<div class=\"elementor-container elementor-column-gap-default\">\n\t\t\t\t\t<div class=\"elementor-column elementor-col-100 elementor-top-column elementor-element elementor-element-79195181\" data-id=\"79195181\" data-element_type=\"column\" data-e-type=\"column\">\n\t\t\t<div class=\"elementor-widget-wrap elementor-element-populated\">\n\t\t\t\t\t\t<div class=\"elementor-element elementor-element-5c77e5d7 elementor-widget elementor-widget-spacer\" data-id=\"5c77e5d7\" data-element_type=\"widget\" data-e-type=\"widget\" data-widget_type=\"spacer.default\">\n\t\t\t\t<div class=\"elementor-widget-container\">\n\t\t\t\t\t\t\t<div class=\"elementor-spacer\">\n\t\t\t<div class=\"elementor-spacer-inner\"><\/div>\n\t\t<\/div>\n\t\t\t\t\t\t<\/div>\n\t\t\t\t<\/div>\n\t\t\t\t\t<\/div>\n\t\t<\/div>\n\t\t\t\t\t<\/div>\n\t\t<\/section>\n\t\t\t\t<section class=\"elementor-section elementor-top-section elementor-element elementor-element-1e5ab6d elementor-section-boxed elementor-section-height-default elementor-section-height-default\" data-id=\"1e5ab6d\" data-element_type=\"section\" data-e-type=\"section\">\n\t\t\t\t\t\t<div class=\"elementor-container elementor-column-gap-default\">\n\t\t\t\t\t<div class=\"elementor-column elementor-col-33 elementor-top-column elementor-element elementor-element-ef45c87\" data-id=\"ef45c87\" data-element_type=\"column\" data-e-type=\"column\">\n\t\t\t<div class=\"elementor-widget-wrap\">\n\t\t\t\t\t\t\t<\/div>\n\t\t<\/div>\n\t\t\t\t<div class=\"elementor-column elementor-col-33 elementor-top-column elementor-element elementor-element-8d5b6cf\" data-id=\"8d5b6cf\" data-element_type=\"column\" data-e-type=\"column\">\n\t\t\t<div class=\"elementor-widget-wrap elementor-element-populated\">\n\t\t\t\t\t\t<div class=\"elementor-element elementor-element-ddcf317 elementor-align-center elementor-widget elementor-widget-button\" data-id=\"ddcf317\" data-element_type=\"widget\" data-e-type=\"widget\" data-widget_type=\"button.default\">\n\t\t\t\t<div class=\"elementor-widget-container\">\n\t\t\t\t\t\t\t\t\t<div class=\"elementor-button-wrapper\">\n\t\t\t\t\t<a class=\"elementor-button elementor-button-link elementor-size-sm\" href=\"https:\/\/bmmlaw.adv.br\/especialistas-bmm\/\">\n\t\t\t\t\t\t<span class=\"elementor-button-content-wrapper\">\n\t\t\t\t\t\t\t\t\t<span class=\"elementor-button-text\">Voltar<\/span>\n\t\t\t\t\t<\/span>\n\t\t\t\t\t<\/a>\n\t\t\t\t<\/div>\n\t\t\t\t\t\t\t\t<\/div>\n\t\t\t\t<\/div>\n\t\t\t\t\t<\/div>\n\t\t<\/div>\n\t\t\t\t<div class=\"elementor-column elementor-col-33 elementor-top-column elementor-element elementor-element-ed6de37\" data-id=\"ed6de37\" data-element_type=\"column\" data-e-type=\"column\">\n\t\t\t<div class=\"elementor-widget-wrap\">\n\t\t\t\t\t\t\t<\/div>\n\t\t<\/div>\n\t\t\t\t\t<\/div>\n\t\t<\/section>\n\t\t\t\t<\/div>\n\t\t","protected":false},"excerpt":{"rendered":"<p>Conhe\u00e7a os Nossos S\u00f3cios Vinic\u00edus de Melo Morais vinicius.morais@bmmlaw.com.br Advogado com mais de 20 anos de experi\u00eancia em Direito Tribut\u00e1rio e Empresarial. Atua\u00e7\u00e3o focada na \u00e1rea de consultoria de tributos diretos e indiretos, nas esferas municipal, estadual e federal. An\u00e1lise da correta aplica\u00e7\u00e3o da legisla\u00e7\u00e3o tribut\u00e1ria e implementa\u00e7\u00e3o de solu\u00e7\u00f5es objetivando redu\u00e7\u00e3o da carga tribut\u00e1ria, &hellip;<\/p>\n<p class=\"read-more\"> <a class=\"\" href=\"https:\/\/bmmlaw.adv.br\/en\/dr-vinicius-de-melo-morais\/\"> <span class=\"screen-reader-text\">Dr Vinicius de Melo Morais<\/span> Read More &raquo;<\/a><\/p>","protected":false},"author":1,"featured_media":0,"parent":0,"menu_order":0,"comment_status":"closed","ping_status":"closed","template":"elementor_header_footer","meta":{"footnotes":""},"class_list":["post-967","page","type-page","status-publish","hentry"],"_links":{"self":[{"href":"https:\/\/bmmlaw.adv.br\/en\/wp-json\/wp\/v2\/pages\/967","targetHints":{"allow":["GET"]}}],"collection":[{"href":"https:\/\/bmmlaw.adv.br\/en\/wp-json\/wp\/v2\/pages"}],"about":[{"href":"https:\/\/bmmlaw.adv.br\/en\/wp-json\/wp\/v2\/types\/page"}],"author":[{"embeddable":true,"href":"https:\/\/bmmlaw.adv.br\/en\/wp-json\/wp\/v2\/users\/1"}],"replies":[{"embeddable":true,"href":"https:\/\/bmmlaw.adv.br\/en\/wp-json\/wp\/v2\/comments?post=967"}],"version-history":[{"count":0,"href":"https:\/\/bmmlaw.adv.br\/en\/wp-json\/wp\/v2\/pages\/967\/revisions"}],"wp:attachment":[{"href":"https:\/\/bmmlaw.adv.br\/en\/wp-json\/wp\/v2\/media?parent=967"}],"curies":[{"name":"wp","href":"https:\/\/api.w.org\/{rel}","templated":true}]}}